{"id":7,"date":"2020-06-08T18:24:05","date_gmt":"2020-06-08T21:24:05","guid":{"rendered":"http:\/\/localhost\/wordpress\/?page_id=7"},"modified":"2020-07-09T14:43:52","modified_gmt":"2020-07-09T17:43:52","slug":"acerca-de","status":"publish","type":"page","link":"https:\/\/bywind.com.ar\/?page_id=7","title":{"rendered":"Acerca de"},"content":{"rendered":"\n<p>Iniciamos nuestras actividades en el a\u00f1o 1992 en Capital Federal como proveedores de la consulta Seta Sistemas S.R.L., m\u00e1s tarde en el a\u00f1o 1994 no establecimos en la ciudad de San Carlos de Bariloche. Desde entonces nuestra principal actividad se ha centrado en el desarrollo e implementaci\u00f3n de soluciones inform\u00e1ticas a medida y el desarrollo de paquetes de software destinados a determinados sectores del mercado, en ambos casos hemos utilizado diversas tecnolog\u00edas y arquitecturas. M\u00e1s all\u00e1 de la diversidad de proyectos en los que hemos participado nuestra mayor experiencia reside en soluciones que requieran gestionar bases de datos.<\/p>\n\n\n\n<br>\n\n\n\n<figure class=\"wp-block-table\"><table><tbody><tr><td>Denominaci\u00f3n:<\/td><td>ByWind Software<\/td><\/tr><tr><td>Domicilio:<\/td><td>Riobamba 3320 &#8211; B\u00b0 Las Victorias<br>R8403CZF &#8211; San Carlos de Bariloche<br>R\u00edo Negro &#8211; Rep\u00fablica Argentina<\/td><\/tr><tr><td>Contacto:<\/td><td>Lic. Roberto Carlos Marchena<br>Tel.\/WhatsApp: +54 (9) 294 (15) 434 7677<br>e-mail: <a href=\"mailto:marchenar@gmail.com\">marchenar@gmail.com<\/a><\/td><\/tr><tr><td>Inscripciones:<\/td><td>IVA Responsable Inscripto<br>CUIT: 20-21780209-2<br>IIBB: 4512347-0<\/td><\/tr><\/tbody><\/table><\/figure>\n\n\n\n<a href=\"http:\/\/qr.afip.gob.ar\/?qr=q4xVlbOZgWgnIMiWm8PM-g,,\" target=\"_F960AFIPInfo\" rel=\"noopener noreferrer\"><img decoding=\"async\" src=\"http:\/\/www.afip.gob.ar\/images\/f960\/DATAWEB.jpg\" border=\"0\" Height=\"80\" Width=\"50\"><\/a>\n","protected":false},"excerpt":{"rendered":"<p>Iniciamos nuestras actividades en el a\u00f1o 1992 en Capital Federal como proveedores de la consulta Seta Sistemas S.R.L., m\u00e1s tarde en el a\u00f1o 1994 no establecimos en la ciudad de San Carlos de Bariloche. Desde entonces nuestra principal actividad se ha centrado en el desarrollo e implementaci\u00f3n de soluciones inform\u00e1ticas a medida y el desarrollo de paquetes de software destinados a determinados sectores del mercado, en ambos casos hemos utilizado diversas tecnolog\u00edas y arquitecturas. M\u00e1s all\u00e1 de la diversidad de proyectos en los que hemos participado nuestra mayor experiencia reside en soluciones que requieran gestionar bases de datos. Denominaci\u00f3n: ByWind Software Domicilio: Riobamba 3320 &#8211; B\u00b0 Las VictoriasR8403CZF &#8211; San Carlos de BarilocheR\u00edo Negro &#8211; Rep\u00fablica Argentina Contacto: Lic. Roberto Carlos MarchenaTel.\/WhatsApp: +54 (9) 294 (15) 434 7677e-mail: marchenar@gmail.com Inscripciones: IVA Responsable InscriptoCUIT: 20-21780209-2IIBB: 4512347-0<\/p>\n","protected":false},"author":1,"featured_media":0,"parent":0,"menu_order":40,"comment_status":"closed","ping_status":"closed","template":"","meta":[],"_links":{"self":[{"href":"https:\/\/bywind.com.ar\/index.php?rest_route=\/wp\/v2\/pages\/7"}],"collection":[{"href":"https:\/\/bywind.com.ar\/index.php?rest_route=\/wp\/v2\/pages"}],"about":[{"href":"https:\/\/bywind.com.ar\/index.php?rest_route=\/wp\/v2\/types\/page"}],"author":[{"embeddable":true,"href":"https:\/\/bywind.com.ar\/index.php?rest_route=\/wp\/v2\/users\/1"}],"replies":[{"embeddable":true,"href":"https:\/\/bywind.com.ar\/index.php?rest_route=%2Fwp%2Fv2%2Fcomments&post=7"}],"version-history":[{"count":7,"href":"https:\/\/bywind.com.ar\/index.php?rest_route=\/wp\/v2\/pages\/7\/revisions"}],"predecessor-version":[{"id":198,"href":"https:\/\/bywind.com.ar\/index.php?rest_route=\/wp\/v2\/pages\/7\/revisions\/198"}],"wp:attachment":[{"href":"https:\/\/bywind.com.ar\/index.php?rest_route=%2Fwp%2Fv2%2Fmedia&parent=7"}],"curies":[{"name":"wp","href":"https:\/\/api.w.org\/{rel}","templated":true}]}}