{"id":63,"date":"2020-06-19T16:06:28","date_gmt":"2020-06-19T19:06:28","guid":{"rendered":"http:\/\/localhost\/wordpress\/?page_id=63"},"modified":"2020-07-09T14:46:34","modified_gmt":"2020-07-09T17:46:34","slug":"bywind-software","status":"publish","type":"page","link":"https:\/\/bywind.com.ar\/","title":{"rendered":"Inicio"},"content":{"rendered":"\n<div class=\"wp-block-media-text alignwide is-stacked-on-mobile is-vertically-aligned-center\" style=\"grid-template-columns:20% auto\"><figure class=\"wp-block-media-text__media\"><img decoding=\"async\" loading=\"lazy\" width=\"197\" height=\"100\" src=\"http:\/\/bywind.com.ar\/wp-content\/uploads\/2020\/06\/ByWind.png\" alt=\"\" class=\"wp-image-29\"\/><\/figure><div class=\"wp-block-media-text__content\">\n<p><big>Empresa de <b>T<\/b>ecnolog\u00eda <b>I<\/b>nform\u00e1tica radicada en la ciudad de San Carlos de Bariloche &#8211; Patagonia Argentina &#8211; dedicada al desarrollo de software, ingenier\u00eda de sistemas y consultor\u00eda inform\u00e1tica en general<\/big><\/p>\n<\/div><\/div>\n\n\n\n<div class=\"wp-block-group\"><div class=\"wp-block-group__inner-container is-layout-flow\">\n<hr>\n<\/div><\/div>\n\n\n\n<div class=\"wp-block-columns is-layout-flex wp-container-4\">\n<div class=\"wp-block-column is-layout-flow\">\n<figure class=\"wp-block-image size-large\"><img decoding=\"async\" loading=\"lazy\" width=\"361\" height=\"200\" src=\"http:\/\/localhost\/wordpress\/wp-content\/uploads\/2020\/06\/logo-java-1.jpg\" alt=\"\" class=\"wp-image-72\" srcset=\"https:\/\/bywind.com.ar\/wp-content\/uploads\/2020\/06\/logo-java-1.jpg 361w, https:\/\/bywind.com.ar\/wp-content\/uploads\/2020\/06\/logo-java-1-300x166.jpg 300w\" sizes=\"(max-width: 361px) 100vw, 361px\" \/><\/figure>\n\n\n\n<p><strong>Aplicaciones multi-capa<\/strong><br>Desarrollo e implementaci\u00f3n de soluciones inform\u00e1ticas multi-capa, WEB-enabled y basadas en servicios utilizando Tecnolog\u00eda Java<\/p>\n<\/div>\n\n\n\n<div class=\"wp-block-column is-layout-flow\">\n<figure class=\"wp-block-image size-large\"><img decoding=\"async\" loading=\"lazy\" width=\"219\" height=\"230\" src=\"http:\/\/bywind.com.ar\/wp-content\/uploads\/2020\/06\/clientserver.jpg\" alt=\"\" class=\"wp-image-96\"\/><\/figure>\n\n\n\n<p><strong>Aplicaciones cliente-servidor<\/strong><br>Desarrollo e implementaci\u00f3n de soluciones inform\u00e1ticas a medida en arquitecturas cliente-servidor y tradicional utilizando Microsoft Visual Studio y Java.<\/p>\n<\/div>\n<\/div>\n\n\n\n<div class=\"wp-block-columns is-layout-flex wp-container-7\">\n<div class=\"wp-block-column is-layout-flow\">\n<figure class=\"wp-block-image size-large\"><img decoding=\"async\" loading=\"lazy\" width=\"485\" height=\"308\" src=\"http:\/\/localhost\/wordpress\/wp-content\/uploads\/2020\/06\/website-builder-create-your-own-site.png\" alt=\"\" class=\"wp-image-101\" srcset=\"https:\/\/bywind.com.ar\/wp-content\/uploads\/2020\/06\/website-builder-create-your-own-site.png 485w, https:\/\/bywind.com.ar\/wp-content\/uploads\/2020\/06\/website-builder-create-your-own-site-300x191.png 300w\" sizes=\"(max-width: 485px) 100vw, 485px\" \/><\/figure>\n\n\n\n<p><strong>Sitios Web<\/strong><br>Desarrollo de sitios Web interactivos que gestionen bases de datos y aplicaciones para Internet-Intranet<\/p>\n<\/div>\n\n\n\n<div class=\"wp-block-column is-layout-flow\">\n<figure class=\"wp-block-image size-large\"><img decoding=\"async\" loading=\"lazy\" width=\"357\" height=\"336\" src=\"http:\/\/localhost\/wordpress\/wp-content\/uploads\/2020\/06\/database.png\" alt=\"\" class=\"wp-image-97\" srcset=\"https:\/\/bywind.com.ar\/wp-content\/uploads\/2020\/06\/database.png 357w, https:\/\/bywind.com.ar\/wp-content\/uploads\/2020\/06\/database-300x282.png 300w\" sizes=\"(max-width: 357px) 100vw, 357px\" \/><\/figure>\n\n\n\n<p><strong>Bases de datos<\/strong><br> Amplia experiencia en soluciones inform\u00e1ticas que requieran gestionar bases de datos utilizando Microsoft SQL Server, Sybase Enterprise, Sybase Anywhere, Oracle, PostgreSQL, MySQL, Microsoft Access y archivos XBase.<\/p>\n<\/div>\n<\/div>\n\n\n\n<div class=\"wp-block-columns is-layout-flex wp-container-10\">\n<div class=\"wp-block-column is-layout-flow\" style=\"flex-basis:33.33%\">\n<figure class=\"wp-block-image size-large\"><img decoding=\"async\" loading=\"lazy\" width=\"507\" height=\"342\" src=\"http:\/\/localhost\/wordpress\/wp-content\/uploads\/2020\/06\/Professional-IT-Services.png\" alt=\"\" class=\"wp-image-102\" srcset=\"https:\/\/bywind.com.ar\/wp-content\/uploads\/2020\/06\/Professional-IT-Services.png 507w, https:\/\/bywind.com.ar\/wp-content\/uploads\/2020\/06\/Professional-IT-Services-300x202.png 300w\" sizes=\"(max-width: 507px) 100vw, 507px\" \/><\/figure>\n<\/div>\n\n\n\n<div class=\"wp-block-column is-layout-flow\" style=\"flex-basis:66.66%\">\n<p><strong>Consultor\u00eda inform\u00e1tica<\/strong><br>Estudios de factibilidad, armado de ofertas t\u00e9cnicas, auditor\u00edas de software, migraci\u00f3n y extracci\u00f3n de datos de bases de datos, configuraci\u00f3n de equipos, redes y servidores, conectividad con minis y mainframes, soluciones en el campo de las telecomunicaciones, mantenimiento y soporte de sistemas en producci\u00f3n, capacitaci\u00f3n a empresas sobre nuevas tecnolog\u00edas y tendencias del mundo inform\u00e1tico.<\/p>\n<\/div>\n<\/div>\n\n\n\n<a href=\"http:\/\/qr.afip.gob.ar\/?qr=q4xVlbOZgWgnIMiWm8PM-g,,\" target=\"_F960AFIPInfo\" rel=\"noopener noreferrer\"><img decoding=\"async\" src=\"http:\/\/www.afip.gob.ar\/images\/f960\/DATAWEB.jpg\" border=\"0\" Height=\"80\" Width=\"50\"><\/a>\n","protected":false},"excerpt":{"rendered":"<p>Empresa de Tecnolog\u00eda Inform\u00e1tica radicada en la ciudad de San Carlos de Bariloche &#8211; Patagonia Argentina &#8211; dedicada al desarrollo de software, ingenier\u00eda de sistemas y consultor\u00eda inform\u00e1tica en general Aplicaciones multi-capaDesarrollo e implementaci\u00f3n de soluciones inform\u00e1ticas multi-capa, WEB-enabled y basadas en servicios utilizando Tecnolog\u00eda Java Aplicaciones cliente-servidorDesarrollo e implementaci\u00f3n de soluciones inform\u00e1ticas a medida en arquitecturas cliente-servidor y tradicional utilizando Microsoft Visual Studio y Java. Sitios WebDesarrollo de sitios Web interactivos que gestionen bases de datos y aplicaciones para Internet-Intranet Bases de datos Amplia experiencia en soluciones inform\u00e1ticas que requieran gestionar bases de datos utilizando Microsoft SQL Server, Sybase Enterprise, Sybase Anywhere, Oracle, PostgreSQL, MySQL, Microsoft Access y archivos XBase. Consultor\u00eda inform\u00e1ticaEstudios de factibilidad, armado de ofertas t\u00e9cnicas, auditor\u00edas de software, migraci\u00f3n y extracci\u00f3n de datos de bases de datos, configuraci\u00f3n de equipos, redes y servidores, conectividad con minis y mainframes, soluciones en el campo de las telecomunicaciones, mantenimiento y soporte de sistemas en producci\u00f3n, capacitaci\u00f3n a empresas sobre nuevas tecnolog\u00edas y tendencias del mundo inform\u00e1tico.<\/p>\n","protected":false},"author":1,"featured_media":0,"parent":0,"menu_order":10,"comment_status":"closed","ping_status":"closed","template":"","meta":[],"_links":{"self":[{"href":"https:\/\/bywind.com.ar\/index.php?rest_route=\/wp\/v2\/pages\/63"}],"collection":[{"href":"https:\/\/bywind.com.ar\/index.php?rest_route=\/wp\/v2\/pages"}],"about":[{"href":"https:\/\/bywind.com.ar\/index.php?rest_route=\/wp\/v2\/types\/page"}],"author":[{"embeddable":true,"href":"https:\/\/bywind.com.ar\/index.php?rest_route=\/wp\/v2\/users\/1"}],"replies":[{"embeddable":true,"href":"https:\/\/bywind.com.ar\/index.php?rest_route=%2Fwp%2Fv2%2Fcomments&post=63"}],"version-history":[{"count":38,"href":"https:\/\/bywind.com.ar\/index.php?rest_route=\/wp\/v2\/pages\/63\/revisions"}],"predecessor-version":[{"id":199,"href":"https:\/\/bywind.com.ar\/index.php?rest_route=\/wp\/v2\/pages\/63\/revisions\/199"}],"wp:attachment":[{"href":"https:\/\/bywind.com.ar\/index.php?rest_route=%2Fwp%2Fv2%2Fmedia&parent=63"}],"curies":[{"name":"wp","href":"https:\/\/api.w.org\/{rel}","templated":true}]}}