{"id":171,"date":"2020-06-22T19:37:09","date_gmt":"2020-06-22T22:37:09","guid":{"rendered":"http:\/\/localhost\/bywind\/?page_id=171"},"modified":"2023-06-16T12:04:39","modified_gmt":"2023-06-16T15:04:39","slug":"tero-software","status":"publish","type":"page","link":"https:\/\/bywind.com.ar\/?page_id=171","title":{"rendered":"Tero Software"},"content":{"rendered":"\n<p>El <strong>Tero Software<\/strong> es una aplicaci\u00f3n Web que fue dise\u00f1ada espec\u00edficamente para administrar aeronaves, llevar un registro<br>de la actividad de vuelo de empresas a\u00e9reas, Aeroclubes y Clubes de planeadores, tambi\u00e9n emitir facturas electr\u00f3nicas, registrar gastos, llevar cuentas corrientes, etc.<\/p>\n\n\n\n<p>Haga clic <a href=\"mailto:marchenar@gmail.com\">aqu\u00ed<\/a> para solicitar un acceso de prueba totalmente gratuito.<\/p>\n\n\n\n<p>Haga clic <a rel=\"noreferrer noopener\" href=\"https:\/\/bywind.com.ar:8181\/TeroWeb\/\" target=\"_blank\">aqu\u00ed<\/a> para acceder a la aplicaci\u00f3n.<\/p>\n\n\n\n<p><h3>Videos:<\/h3><\/p>\n\n\n\n<ul><li><a rel=\"noreferrer noopener\" href=\".\/videos\/tero\/Tero_software_1.mp4\" target=\"_blank\">Parte 1<\/a>: Conceptos b\u00e1sicos<\/li><li><a rel=\"noreferrer noopener\" href=\".\/videos\/tero\/Tero_software_2.mp4\" target=\"_blank\">Parte 2<\/a>: Uso de formularios<\/li><li><a rel=\"noreferrer noopener\" href=\".\/videos\/tero\/Tero_software_3.mp4\" target=\"_blank\">Parte 3<\/a>: Registro de vuelos<\/li><li><a rel=\"noreferrer noopener\" href=\".\/videos\/tero\/Tero_software_4.mp4\" target=\"_blank\">Parte 4<\/a>: Reportes del sistema<\/li><li><a rel=\"noreferrer noopener\" href=\".\/videos\/tero\/tero_update_version_2.mp4\" target=\"_blank\">Parte 5<\/a>: Actualizaci\u00f3n desde versi\u00f3n 1.00 a versi\u00f3n 2.00<\/li><li><a rel=\"noreferrer noopener\" href=\".\/videos\/tero\/Tero_seguridad.mp4\" target=\"_blank\">Parte 6<\/a>: Administraci\u00f3n de seguridad<\/li><li><a rel=\"noreferrer noopener\" href=\"http:\/\/bywind.com.ar\/videos\/tero\/Tero_consulta_datos.mp4\" target=\"_blank\">Parte 7<\/a>: Consulta de datos<\/li><li><a rel=\"noreferrer noopener\" href=\"http:\/\/bywind.com.ar\/videos\/tero\/Tero_vales.mp4\" target=\"_blank\">Parte 8<\/a>: Administraci\u00f3n de Vales<\/li><li><a rel=\"noreferrer noopener\" href=\"http:\/\/bywind.com.ar\/videos\/tero\/Tero_configuracion_items.mp4\" target=\"_blank\">Parte 9<\/a>: Configuraci\u00f3n de Items<\/li><li><a rel=\"noreferrer noopener\" href=\"http:\/\/bywind.com.ar\/videos\/tero\/Tero_configuracion_aeronaves.mp4\" target=\"_blank\">Parte 10<\/a>: Configuraci\u00f3n de Aeronaves<\/li><li><a rel=\"noreferrer noopener\" href=\"http:\/\/bywind.com.ar\/videos\/tero\/Tero_vuelos_cta_cte.mp4\" target=\"_blank\">Parte 11<\/a>: Carga de vuelos y cuentas corrientes<\/li><li><a rel=\"noreferrer noopener\" href=\"http:\/\/bywind.com.ar\/videos\/tero\/Tero_precios.mp4\" target=\"_blank\">Parte 12<\/a>: Configuraci\u00f3n de precios<\/li><li><a rel=\"noreferrer noopener\" href=\"http:\/\/bywind.com.ar\/videos\/tero\/Tero_cuotas_sociales.mp4\" target=\"_blank\">Parte 13<\/a>: Generaci\u00f3n de cuotas sociales <\/li><li><a rel=\"noreferrer noopener\" href=\"http:\/\/bywind.com.ar\/videos\/tero\/Tero_compras.mp4\" target=\"_blank\">Parte 14<\/a>: Compras (parte I)<\/li><li><a rel=\"noreferrer noopener\" href=\"http:\/\/bywind.com.ar\/videos\/tero\/Tero_compras_2.mp4\" target=\"_blank\">Parte 15<\/a>: Compras (parte II)<\/li><li><a rel=\"noreferrer noopener\" href=\"http:\/\/bywind.com.ar\/videos\/tero\/Tero_cuentas_corrientes.mp4\" target=\"_blank\">Parte 16<\/a>: Administraci\u00f3n de cuentas corrientes<\/li><li><a rel=\"noreferrer noopener\" href=\"http:\/\/bywind.com.ar\/videos\/tero\/Tero_cuentas.mp4\" target=\"_blank\">Parte 17<\/a>: Administraci\u00f3n  de cuentas de la empresa<\/li><li><a rel=\"noreferrer noopener\" href=\"http:\/\/bywind.com.ar\/videos\/tero\/Tero_monedas.mp4\" target=\"_blank\">Parte 18<\/a> Configuraci\u00f3n de monedas<\/li><li><a rel=\"noreferrer noopener\" href=\"http:\/\/bywind.com.ar\/videos\/tero\/Tero_reporte_vuelos.mp4\" target=\"_blank\">Parte 19<\/a> Reporte de vuelos<\/li><li><a href=\"http:\/\/bywind.com.ar\/videos\/tero\/Tero_reporte_vuelos_rav.mp4\" target=\"_blank\" rel=\"noreferrer noopener\">Parte 20<\/a> Reporte de vuelos formato RAV<\/li><li><a rel=\"noreferrer noopener\" href=\"http:\/\/bywind.com.ar\/videos\/tero\/Tero_consulta_cta_cte.mp4\" target=\"_blank\">Parte 21<\/a> Consulta de estado de cuenta<\/li><\/ul>\n\n\n\n<p><\/p>\n","protected":false},"excerpt":{"rendered":"<p>El Tero Software es una aplicaci\u00f3n Web que fue dise\u00f1ada espec\u00edficamente para administrar aeronaves, llevar un registrode la actividad de vuelo de empresas a\u00e9reas, Aeroclubes y Clubes de planeadores, tambi\u00e9n emitir facturas electr\u00f3nicas, registrar gastos, llevar cuentas corrientes, etc. Haga clic aqu\u00ed para solicitar un acceso de prueba totalmente gratuito. Haga clic aqu\u00ed para acceder a la aplicaci\u00f3n. Videos: Parte 1: Conceptos b\u00e1sicos Parte 2: Uso de formularios Parte 3: Registro de vuelos Parte 4: Reportes del sistema Parte 5: Actualizaci\u00f3n desde versi\u00f3n 1.00 a versi\u00f3n 2.00 Parte 6: Administraci\u00f3n de seguridad Parte 7: Consulta de datos Parte 8: Administraci\u00f3n de Vales Parte 9: Configuraci\u00f3n de Items Parte 10: Configuraci\u00f3n de Aeronaves Parte 11: Carga de vuelos y cuentas corrientes Parte 12: Configuraci\u00f3n de precios Parte 13: Generaci\u00f3n de cuotas sociales Parte 14: Compras (parte I) Parte 15: Compras (parte II) Parte 16: Administraci\u00f3n de cuentas corrientes Parte 17: Administraci\u00f3n de cuentas de la empresa Parte 18 Configuraci\u00f3n de monedas Parte 19 Reporte de vuelos Parte 20 Reporte de vuelos formato RAV Parte 21 Consulta de estado de cuenta<\/p>\n","protected":false},"author":1,"featured_media":0,"parent":0,"menu_order":0,"comment_status":"closed","ping_status":"closed","template":"","meta":[],"_links":{"self":[{"href":"https:\/\/bywind.com.ar\/index.php?rest_route=\/wp\/v2\/pages\/171"}],"collection":[{"href":"https:\/\/bywind.com.ar\/index.php?rest_route=\/wp\/v2\/pages"}],"about":[{"href":"https:\/\/bywind.com.ar\/index.php?rest_route=\/wp\/v2\/types\/page"}],"author":[{"embeddable":true,"href":"https:\/\/bywind.com.ar\/index.php?rest_route=\/wp\/v2\/users\/1"}],"replies":[{"embeddable":true,"href":"https:\/\/bywind.com.ar\/index.php?rest_route=%2Fwp%2Fv2%2Fcomments&post=171"}],"version-history":[{"count":15,"href":"https:\/\/bywind.com.ar\/index.php?rest_route=\/wp\/v2\/pages\/171\/revisions"}],"predecessor-version":[{"id":238,"href":"https:\/\/bywind.com.ar\/index.php?rest_route=\/wp\/v2\/pages\/171\/revisions\/238"}],"wp:attachment":[{"href":"https:\/\/bywind.com.ar\/index.php?rest_route=%2Fwp%2Fv2%2Fmedia&parent=171"}],"curies":[{"name":"wp","href":"https:\/\/api.w.org\/{rel}","templated":true}]}}