{"id":119,"date":"2020-06-19T19:00:48","date_gmt":"2020-06-19T22:00:48","guid":{"rendered":"http:\/\/localhost\/wordpress\/?page_id=119"},"modified":"2021-06-03T19:39:20","modified_gmt":"2021-06-03T22:39:20","slug":"desarrollos","status":"publish","type":"page","link":"https:\/\/bywind.com.ar\/?page_id=119","title":{"rendered":"Desarrollos"},"content":{"rendered":"\n<p>En esta p\u00e1gina encontrar\u00e1 informaci\u00f3n general sobre algunos de nuestros desarrollos, as\u00ed como tambi\u00e9n otros recursos como manuales y videos, e incluso en ciertos casos de apliaciones Web el acceso directo a la aplicaci\u00f3n propiamente dicha.<\/p>\n\n\n\n<br>\n\n\n\n<div class=\"wp-block-columns is-layout-flex wp-container-3\">\n<div class=\"wp-block-column is-layout-flow\" style=\"flex-basis:33.33%\">\n<figure class=\"wp-block-image size-large\"><img decoding=\"async\" loading=\"lazy\" width=\"350\" height=\"350\" src=\"http:\/\/localhost\/wordpress\/wp-content\/uploads\/2020\/06\/argos_icon.png\" alt=\"\" class=\"wp-image-120\" srcset=\"https:\/\/bywind.com.ar\/wp-content\/uploads\/2020\/06\/argos_icon.png 350w, https:\/\/bywind.com.ar\/wp-content\/uploads\/2020\/06\/argos_icon-300x300.png 300w, https:\/\/bywind.com.ar\/wp-content\/uploads\/2020\/06\/argos_icon-150x150.png 150w, https:\/\/bywind.com.ar\/wp-content\/uploads\/2020\/06\/argos_icon-75x75.png 75w\" sizes=\"(max-width: 350px) 100vw, 350px\" \/><\/figure>\n<\/div>\n\n\n\n<div class=\"wp-block-column is-layout-flow\" style=\"flex-basis:66.66%\">\n<h2>Argos Software<\/h2>\n<p>Software de Gesti\u00f3n Integral para la peque\u00f1a y mediana empresa.<\/p>\n<p>Permite administar art\u00edculos, precios, stock, compras, facturaci\u00f3n con controladores fiscales y facturas electr\u00f3nicas por Web Services, cuentas corrientes de clientes proveedores y empleados, manejo de comandas para gastronom\u00eda, cuentas de la empresa, cheques, generaci\u00f3n de informaci\u00f3n contable, integraci\u00f3n con MercadoLibre, etc.<\/p>\n<p><br><a href=\"http:\/\/bywind.com.ar\/manuales\/argos\/ArgosSoftware1.html\" target=\"_blank\" rel=\"noopener noreferrer\">Manual del sistema<\/a><\/p>\n\n\n\n<p><\/p>\n<\/div>\n<\/div>\n\n\n\n<hr>\n\n\n\n<div class=\"wp-block-columns is-layout-flex wp-container-6\">\n<div class=\"wp-block-column is-layout-flow\" style=\"flex-basis:33.33%\">\n<figure class=\"wp-block-image size-large\"><img decoding=\"async\" loading=\"lazy\" width=\"384\" height=\"384\" src=\"http:\/\/bywind.com.ar\/wp-content\/uploads\/2021\/06\/logo_grande.png\" alt=\"\" class=\"wp-image-224\" srcset=\"https:\/\/bywind.com.ar\/wp-content\/uploads\/2021\/06\/logo_grande.png 384w, https:\/\/bywind.com.ar\/wp-content\/uploads\/2021\/06\/logo_grande-300x300.png 300w, https:\/\/bywind.com.ar\/wp-content\/uploads\/2021\/06\/logo_grande-150x150.png 150w, https:\/\/bywind.com.ar\/wp-content\/uploads\/2021\/06\/logo_grande-75x75.png 75w\" sizes=\"(max-width: 384px) 100vw, 384px\" \/><\/figure>\n<\/div>\n\n\n\n<div class=\"wp-block-column is-layout-flow\" style=\"flex-basis:66.66%\">\n<h2>Tero<\/h2>\n<p>Software de Gesti\u00f3n Integral para Aeroclubes.<\/p>\n<p>Permite registrar vuelos, facturaci\u00f3n con facturas electr\u00f3nicas por Web Services, compras, cuentas corrientes de clientes proveedores y empleados, generaci\u00f3n de informaci\u00f3n contable, etc.<\/p>\n<p><br><a href=\"https:\/\/bywind.com.ar:8181\/TeroWeb\" target=\"_blank\" rel=\"noopener noreferrer\">Acceso a la aplicaci\u00f3n<\/a><\/p>\n\n\n\n<p>Haga clic <a href=\"http:\/\/bywind.com.ar\/?page_id=171\">aqu\u00ed<\/a> para acceder a la p\u00e1gina de la aplicaci\u00f3n.<\/p>\n\n\n\n<p>Haga clic <a rel=\"noreferrer noopener\" href=\"https:\/\/bywind.com.ar:8181\/TeroWeb\/\" target=\"_blank\">aqu\u00ed<\/a> para acceder a la aplicaci\u00f3n.<\/p>\n\n\n\n<p><\/p>\n<\/div>\n<\/div>\n\n\n\n<hr>\n\n\n\n<div class=\"wp-block-columns is-layout-flex wp-container-9\">\n<div class=\"wp-block-column is-layout-flow\" style=\"flex-basis:33.33%\">\n<figure class=\"wp-block-image size-large\"><img decoding=\"async\" loading=\"lazy\" width=\"500\" height=\"142\" src=\"http:\/\/bywind.com.ar\/wp-content\/uploads\/2020\/07\/TS.png\" alt=\"\" class=\"wp-image-206\" srcset=\"https:\/\/bywind.com.ar\/wp-content\/uploads\/2020\/07\/TS.png 500w, https:\/\/bywind.com.ar\/wp-content\/uploads\/2020\/07\/TS-300x85.png 300w\" sizes=\"(max-width: 500px) 100vw, 500px\" \/><\/figure>\n<\/div>\n\n\n\n<div class=\"wp-block-column is-layout-flow\" style=\"flex-basis:66.66%\">\n<h2>Sistema TS<\/h2>\n<p>Software de Gesti\u00f3n Integral para empresas que comercializan art\u00edculos deportivos.<\/p>\n<p>Permite administar art\u00edculos, precios, stock, compras, facturaci\u00f3n con controladores fiscales y facturas electr\u00f3nicas por Web Services, cierres de caja, cuentas corrientes de clientes proveedores y empleados, cuentas de la empresa, cheques, generaci\u00f3n de informaci\u00f3n contable, integraci\u00f3n con MercadoLibre, etc.<\/p>\n<p><br><a href=\"http:\/\/bywind.com.ar\/manuales\/ts\/SistemaTS.html\" target=\"_blank\" rel=\"noopener noreferrer\">Manual del sistema<\/a><\/p>\n<\/div>\n<\/div>\n\n\n\n<hr class=\"wp-block-separator\"\/>\n\n\n\n<div class=\"wp-block-media-text alignwide is-stacked-on-mobile\" style=\"grid-template-columns:29% auto\"><figure class=\"wp-block-media-text__media\"><img decoding=\"async\" loading=\"lazy\" width=\"1024\" height=\"429\" src=\"http:\/\/bywind.com.ar\/wp-content\/uploads\/2020\/07\/AppLogo-grande-1024x429.png\" alt=\"\" class=\"wp-image-208\" srcset=\"https:\/\/bywind.com.ar\/wp-content\/uploads\/2020\/07\/AppLogo-grande-1024x429.png 1024w, https:\/\/bywind.com.ar\/wp-content\/uploads\/2020\/07\/AppLogo-grande-300x126.png 300w, https:\/\/bywind.com.ar\/wp-content\/uploads\/2020\/07\/AppLogo-grande-768x322.png 768w, https:\/\/bywind.com.ar\/wp-content\/uploads\/2020\/07\/AppLogo-grande.png 1089w\" sizes=\"(max-width: 1024px) 100vw, 1024px\" \/><\/figure><div class=\"wp-block-media-text__content\">\n<h2>JSQLMigra<\/h2>\n<p>Software para desarrolladores que permite establecer conexiones JDBC e Hibernate con diferentes or\u00edgenes de datos, permitiendo ejecutar querys SQL y HQL.<\/p>\n<p>Esta aplicaci\u00f3n desarrollada con Java 8 se cre\u00f3 con el objeto de reemplazar a la aplicaci\u00f3n Win32 denominada SQLMigra que se conecta a bases de datos utilizando ODBC.<\/p>\n<p>Haga clic <a href=\"mailto:marchenar@gmail.com\">aqu\u00ed<\/a> si desea una copia gratuita de este software.<\/p>\n<\/div><\/div>\n","protected":false},"excerpt":{"rendered":"<p>En esta p\u00e1gina encontrar\u00e1 informaci\u00f3n general sobre algunos de nuestros desarrollos, as\u00ed como tambi\u00e9n otros recursos como manuales y videos, e incluso en ciertos casos de apliaciones Web el acceso directo a la aplicaci\u00f3n propiamente dicha. Argos Software Software de Gesti\u00f3n Integral para la peque\u00f1a y mediana empresa. Permite administar art\u00edculos, precios, stock, compras, facturaci\u00f3n con controladores fiscales y facturas electr\u00f3nicas por Web Services, cuentas corrientes de clientes proveedores y empleados, manejo de comandas para gastronom\u00eda, cuentas de la empresa, cheques, generaci\u00f3n de informaci\u00f3n contable, integraci\u00f3n con MercadoLibre, etc. Manual del sistema Tero Software de Gesti\u00f3n Integral para Aeroclubes. Permite registrar vuelos, facturaci\u00f3n con facturas electr\u00f3nicas por Web Services, compras, cuentas corrientes de clientes proveedores y empleados, generaci\u00f3n de informaci\u00f3n contable, etc. Acceso a la aplicaci\u00f3n Haga clic aqu\u00ed para acceder a la p\u00e1gina de la aplicaci\u00f3n. Haga clic aqu\u00ed para acceder a la aplicaci\u00f3n. Sistema TS Software de Gesti\u00f3n Integral para empresas que comercializan art\u00edculos deportivos. Permite administar art\u00edculos, precios, stock, compras, facturaci\u00f3n con controladores fiscales y facturas electr\u00f3nicas por Web Services, cierres de caja, cuentas corrientes de clientes proveedores y empleados, cuentas de la empresa, cheques, generaci\u00f3n de informaci\u00f3n contable, integraci\u00f3n con MercadoLibre, etc. Manual del sistema JSQLMigra Software para desarrolladores que permite establecer conexiones JDBC e Hibernate con diferentes or\u00edgenes de datos, permitiendo ejecutar querys SQL y HQL. Esta aplicaci\u00f3n desarrollada con Java 8 se cre\u00f3 con el objeto de reemplazar a la aplicaci\u00f3n Win32 denominada SQLMigra que se conecta a bases de datos utilizando ODBC. Haga clic aqu\u00ed si desea una copia gratuita de este software.<\/p>\n","protected":false},"author":1,"featured_media":0,"parent":0,"menu_order":20,"comment_status":"closed","ping_status":"closed","template":"","meta":[],"_links":{"self":[{"href":"https:\/\/bywind.com.ar\/index.php?rest_route=\/wp\/v2\/pages\/119"}],"collection":[{"href":"https:\/\/bywind.com.ar\/index.php?rest_route=\/wp\/v2\/pages"}],"about":[{"href":"https:\/\/bywind.com.ar\/index.php?rest_route=\/wp\/v2\/types\/page"}],"author":[{"embeddable":true,"href":"https:\/\/bywind.com.ar\/index.php?rest_route=\/wp\/v2\/users\/1"}],"replies":[{"embeddable":true,"href":"https:\/\/bywind.com.ar\/index.php?rest_route=%2Fwp%2Fv2%2Fcomments&post=119"}],"version-history":[{"count":20,"href":"https:\/\/bywind.com.ar\/index.php?rest_route=\/wp\/v2\/pages\/119\/revisions"}],"predecessor-version":[{"id":225,"href":"https:\/\/bywind.com.ar\/index.php?rest_route=\/wp\/v2\/pages\/119\/revisions\/225"}],"wp:attachment":[{"href":"https:\/\/bywind.com.ar\/index.php?rest_route=%2Fwp%2Fv2%2Fmedia&parent=119"}],"curies":[{"name":"wp","href":"https:\/\/api.w.org\/{rel}","templated":true}]}}